{"id":902,"date":"2020-11-03T13:50:01","date_gmt":"2020-11-03T05:50:01","guid":{"rendered":"https:\/\/aolait.com\/?post_type=product&#038;p=902"},"modified":"2026-03-19T15:04:07","modified_gmt":"2026-03-19T07:04:07","slug":"19x15w-led-moving-head-with-lens-rotation","status":"publish","type":"product","link":"https:\/\/aolait.com\/tr\/urun\/lens-donuslu-19x15w-led-hareketli-kafa\/","title":{"rendered":"Lens d\u00f6n\u00fc\u015fl\u00fc 19x15W Led Hareketli Kafa"},"content":{"rendered":"<p>Gerilim AC100-240V 50\/60Hz<\/p>\n<p>G\u00fc\u00e7: 450W<\/p>\n<p>I\u015f\u0131k Kayna\u011f\u0131: 19PCS 15W y\u00fcksek parlakl\u0131kta RGBW 4'\u00fc 1 arada LED'ler<\/p>\n<p>Kullan\u0131m \u00d6mr\u00fc: 50000 Saat<\/p>\n<p>Yak\u0131nla\u015ft\u0131rma: 4\u00b0-60\u00b0<\/p>\n<p>Strobe: 0-20 kez\/saniye<\/p>\n<p>Dimmer: 0-100% do\u011frusal karartma<\/p>\n<p>Hareket: Pan 540\u00b0, 16 bit \u00e7\u00f6z\u00fcn\u00fcrl\u00fck Tilt 270\u00b0, 16 bit \u00e7\u00f6z\u00fcn\u00fcrl\u00fck<\/p>\n<p>Kontrol modelleri: Standart DMX 512\/Master-salve\/Ses\/Otomatik<\/p>\n<p>DMX Kanal\u0131: 21\/23\/35\/78\/92\/97\/99 Kanallar<\/p>\n<p>Ekran: LCD ekran<\/p>\n<p>IP S\u0131n\u0131f\u0131: IP20<\/p>\n<p>Boyut: 415*275*425 mm<\/p>\n<p>N.W: 15 KG<\/p>\n<p><iframe src=\"https:\/\/www.youtube.com\/embed\/lF0vkh6YH_A\" width=\"560\" height=\"315\" frameborder=\"0\" allowfullscreen=\"allowfullscreen\"><\/iframe><\/p>","protected":false},"excerpt":{"rendered":"<p>AL1019WR Her LED ayr\u0131 ayr\u0131 kontrol edilebilir, benzersiz petek tasar\u0131ml\u0131 lens ile<\/p>\n<p>\u00d6n lens, \u015fa\u015f\u0131rt\u0131c\u0131 efektler olu\u015fturmak i\u00e7in ileri ve geri y\u00f6nde s\u0131n\u0131rlama olmaks\u0131z\u0131n d\u00f6nebilir<\/p>\n<p>Ekran, farkl\u0131 yerlerde kuruluma uymas\u0131 i\u00e7in otomatik olarak 180\u00b0 ters \u00e7evrilebilir<\/p>\n<p>I\u015f\u0131n, y\u0131kama veya efekt \u0131\u015f\u0131\u011f\u0131 olarak kullan\u0131labilir (Kaleido efektleri)<\/p>","protected":false},"featured_media":14276,"comment_status":"open","ping_status":"closed","template":"","meta":{"_acf_changed":true,"_seopress_robots_primary_cat":"none","_seopress_titles_title":"","_seopress_titles_desc":"","_seopress_robots_index":""},"product_brand":[],"product_cat":[28,403],"product_tag":[96,97,38],"class_list":{"0":"post-902","1":"product","2":"type-product","3":"status-publish","4":"has-post-thumbnail","6":"product_cat-led-wash-moving-head","7":"product_cat-product","8":"product_tag-19x15w-led-moving-head","9":"product_tag-bee-eye-effect","10":"product_tag-led-wash-moving-head","12":"first","13":"instock","14":"shipping-taxable","15":"product-type-simple"},"acf":[],"_links":{"self":[{"href":"https:\/\/aolait.com\/tr\/wp-json\/wp\/v2\/product\/902","targetHints":{"allow":["GET"]}}],"collection":[{"href":"https:\/\/aolait.com\/tr\/wp-json\/wp\/v2\/product"}],"about":[{"href":"https:\/\/aolait.com\/tr\/wp-json\/wp\/v2\/types\/product"}],"replies":[{"embeddable":true,"href":"https:\/\/aolait.com\/tr\/wp-json\/wp\/v2\/comments?post=902"}],"wp:featuredmedia":[{"embeddable":true,"href":"https:\/\/aolait.com\/tr\/wp-json\/wp\/v2\/media\/14276"}],"wp:attachment":[{"href":"https:\/\/aolait.com\/tr\/wp-json\/wp\/v2\/media?parent=902"}],"wp:term":[{"taxonomy":"product_brand","embeddable":true,"href":"https:\/\/aolait.com\/tr\/wp-json\/wp\/v2\/product_brand?post=902"},{"taxonomy":"product_cat","embeddable":true,"href":"https:\/\/aolait.com\/tr\/wp-json\/wp\/v2\/product_cat?post=902"},{"taxonomy":"product_tag","embeddable":true,"href":"https:\/\/aolait.com\/tr\/wp-json\/wp\/v2\/product_tag?post=902"}],"curies":[{"name":"wp","href":"https:\/\/api.w.org\/{rel}","templated":true}]}}