{"id":910,"date":"2020-11-03T14:21:45","date_gmt":"2020-11-03T06:21:45","guid":{"rendered":"https:\/\/aolait.com\/?post_type=product&#038;p=910"},"modified":"2025-12-03T17:55:13","modified_gmt":"2025-12-03T09:55:13","slug":"19x15w-led-moving-head-candy","status":"publish","type":"product","link":"https:\/\/aolait.com\/tr\/urun\/19x15w-led-hareketli-kafa-sekeri\/","title":{"rendered":"19X15W LED Hareketli Kafa \u015eekeri"},"content":{"rendered":"<p>Gerilim AC100-240V 50\/60Hz<\/p>\n<p>G\u00fc\u00e7: 250W<\/p>\n<p>I\u015f\u0131k Kayna\u011f\u0131: 19 adet 15W y\u00fcksek parlakl\u0131kta RGBW 4'\u00fc 1 arada LED<\/p>\n<p>Led Arka \u0131\u015f\u0131k: 30 adet 0.18W RGB 3'\u00fc 1 arada<\/p>\n<p>Kullan\u0131m \u00d6mr\u00fc: 100000 Saat<\/p>\n<p>Renk: RGBW sonsuz kar\u0131\u015f\u0131m<\/p>\n<p>Yak\u0131nla\u015ft\u0131rma: 8\u00b0-50\u00b0<\/p>\n<p>Strobe: 1-25 kez\/saniye<\/p>\n<p>Dimmer: 0-100% do\u011frusal dimleme sistemi<\/p>\n<p>Hareket: Pan 540\u00b0, 16 bit \u00e7\u00f6z\u00fcn\u00fcrl\u00fck Tilt 270\u00b0, 16 bit \u00e7\u00f6z\u00fcn\u00fcrl\u00fck<\/p>\n<p>Kontrol modu: Standart DMX 512\/master-salve\/sound\/auto<\/p>\n<p>DMX Kanal\u0131: 14\/25 Kanal<\/p>\n<p>Ekran: LCD ekran<\/p>\n<p>Fonksiyon: LED deklan\u015f\u00f6r, tarama konumu belle\u011fi ve otomatik yeniden konumland\u0131rma ile.<\/p>\n<p>M\u00fckemmel g\u00f6z al\u0131c\u0131 efekt kullan\u0131m\u0131 i\u00e7in arka \u0131\u015f\u0131k LED'i ile.<\/p>\n<p>IP S\u0131n\u0131f\u0131: IP20<\/p>\n<p>Boyut: 260*160*300 mm<\/p>\n<p>Net a\u011f\u0131rl\u0131k: 7,7 KG<\/p>\n<p><iframe src=\"https:\/\/www.youtube.com\/embed\/8coLHMjlao0\" width=\"560\" height=\"315\" frameborder=\"0\" allowfullscreen=\"allowfullscreen\"><\/iframe><\/p>","protected":false},"excerpt":{"rendered":"<p>AL1019WZ+, 8\u00b0-50\u00b0 yak\u0131nla\u015ft\u0131rma \u00f6zelli\u011fine sahip bir y\u0131kama hareketli kafa lambas\u0131.<\/p>\n<p>Benzersiz arka \u0131\u015f\u0131k ile \u0131\u015f\u0131n ve y\u0131kama efektine sahiptir, g\u00f6z al\u0131c\u0131 efektler yapar.<\/p>\n<p>&nbsp;<\/p>","protected":false},"featured_media":13942,"comment_status":"open","ping_status":"closed","template":"","meta":{"_acf_changed":true,"_seopress_robots_primary_cat":"none","_seopress_titles_title":"","_seopress_titles_desc":"","_seopress_robots_index":""},"product_brand":[],"product_cat":[28,403],"product_tag":[99,38,100,94],"class_list":{"0":"post-910","1":"product","2":"type-product","3":"status-publish","4":"has-post-thumbnail","6":"product_cat-led-wash-moving-head","7":"product_cat-product","8":"product_tag-19x15w-with-back-light","9":"product_tag-led-wash-moving-head","10":"product_tag-rgbw-led-wash-zoom","11":"product_tag-super-zoom-led-wash","13":"first","14":"instock","15":"shipping-taxable","16":"product-type-simple"},"acf":[],"_links":{"self":[{"href":"https:\/\/aolait.com\/tr\/wp-json\/wp\/v2\/product\/910","targetHints":{"allow":["GET"]}}],"collection":[{"href":"https:\/\/aolait.com\/tr\/wp-json\/wp\/v2\/product"}],"about":[{"href":"https:\/\/aolait.com\/tr\/wp-json\/wp\/v2\/types\/product"}],"replies":[{"embeddable":true,"href":"https:\/\/aolait.com\/tr\/wp-json\/wp\/v2\/comments?post=910"}],"wp:featuredmedia":[{"embeddable":true,"href":"https:\/\/aolait.com\/tr\/wp-json\/wp\/v2\/media\/13942"}],"wp:attachment":[{"href":"https:\/\/aolait.com\/tr\/wp-json\/wp\/v2\/media?parent=910"}],"wp:term":[{"taxonomy":"product_brand","embeddable":true,"href":"https:\/\/aolait.com\/tr\/wp-json\/wp\/v2\/product_brand?post=910"},{"taxonomy":"product_cat","embeddable":true,"href":"https:\/\/aolait.com\/tr\/wp-json\/wp\/v2\/product_cat?post=910"},{"taxonomy":"product_tag","embeddable":true,"href":"https:\/\/aolait.com\/tr\/wp-json\/wp\/v2\/product_tag?post=910"}],"curies":[{"name":"wp","href":"https:\/\/api.w.org\/{rel}","templated":true}]}}