{"id":924,"date":"2020-11-03T14:46:46","date_gmt":"2020-11-03T06:46:46","guid":{"rendered":"https:\/\/aolait.com\/?post_type=product&#038;p=924"},"modified":"2025-10-21T19:04:00","modified_gmt":"2025-10-21T11:04:00","slug":"19x15w-led-moving-head-with-zoom","status":"publish","type":"product","link":"https:\/\/aolait.com\/tr\/urun\/19x15w-zoomlu-led-hareketli-kafa\/","title":{"rendered":"Zoom ile 19x15W Led Hareketli Kafa"},"content":{"rendered":"<p>Gerilim: AC100-240V, 50\/60HZ<\/p>\n<p>I\u015f\u0131k Kayna\u011f\u0131: 19PCS 15W RGBW 4'\u00fc 1 arada Led \u00c7ip<\/p>\n<p>Kontrol modu: DMX 512<\/p>\n<p>Kanal 16 CH<\/p>\n<p>Dimmer: 0-100%, d\u00f6rt dimmer e\u011frisi<\/p>\n<p>Strobe: 0-25HZ, Rastgele art\u0131 fla\u015f fonksiyonu<\/p>\n<p>Yak\u0131nla\u015ft\u0131rma A\u00e7\u0131s\u0131: 10\u00b0-60\u00b0<\/p>\n<p>Pan 540\u00b0Tilt240\u00b0, 16Bit \u00e7\u00f6z\u00fcn\u00fcrl\u00fck, otomatik hata d\u00fczeltme<\/p>\n<p>Ekran: \u00c7ince ve \u0130ngilizce LCD<\/p>\n<p>IP S\u0131n\u0131f\u0131: IP20<\/p>\n<p>G\u00f6vde: Geciktirici m\u00fchendislik plasti\u011fi<\/p>\n<p>Boyut: 260*160*300mm<\/p>\n<p>N.W: 9.5kgs<\/p>\n<p><iframe src=\"https:\/\/www.youtube.com\/embed\/DX4EhC10F-o\" width=\"560\" height=\"315\" frameborder=\"0\" allowfullscreen=\"allowfullscreen\"><\/iframe><\/p>","protected":false},"excerpt":{"rendered":"<p>AL1019WZ, 19 ADET 15W 4'\u00fc 1 arada RGBW LED ile donat\u0131lm\u0131\u015ft\u0131r.<\/p>\n<p>Avantaj \u00f6zellikleri aras\u0131nda daire kontrol\u00fc, 10\u00b0-60\u00b0 b\u00fcy\u00fck y\u0131kama zoomu bulunur.<\/p>\n<p>Sahne, konser, disko ve konserler i\u00e7in pop\u00fcler bir demirba\u015f.<\/p>","protected":false},"featured_media":13329,"comment_status":"open","ping_status":"closed","template":"","meta":{"_acf_changed":true,"_seopress_robots_primary_cat":"none","_seopress_titles_title":"","_seopress_titles_desc":"","_seopress_robots_index":""},"product_brand":[],"product_cat":[28,403],"product_tag":[96,38,100,101],"class_list":{"0":"post-924","1":"product","2":"type-product","3":"status-publish","4":"has-post-thumbnail","6":"product_cat-led-wash-moving-head","7":"product_cat-product","8":"product_tag-19x15w-led-moving-head","9":"product_tag-led-wash-moving-head","10":"product_tag-rgbw-led-wash-zoom","11":"product_tag-rgbw-moving-head","13":"first","14":"instock","15":"shipping-taxable","16":"product-type-simple"},"acf":[],"_links":{"self":[{"href":"https:\/\/aolait.com\/tr\/wp-json\/wp\/v2\/product\/924","targetHints":{"allow":["GET"]}}],"collection":[{"href":"https:\/\/aolait.com\/tr\/wp-json\/wp\/v2\/product"}],"about":[{"href":"https:\/\/aolait.com\/tr\/wp-json\/wp\/v2\/types\/product"}],"replies":[{"embeddable":true,"href":"https:\/\/aolait.com\/tr\/wp-json\/wp\/v2\/comments?post=924"}],"wp:featuredmedia":[{"embeddable":true,"href":"https:\/\/aolait.com\/tr\/wp-json\/wp\/v2\/media\/13329"}],"wp:attachment":[{"href":"https:\/\/aolait.com\/tr\/wp-json\/wp\/v2\/media?parent=924"}],"wp:term":[{"taxonomy":"product_brand","embeddable":true,"href":"https:\/\/aolait.com\/tr\/wp-json\/wp\/v2\/product_brand?post=924"},{"taxonomy":"product_cat","embeddable":true,"href":"https:\/\/aolait.com\/tr\/wp-json\/wp\/v2\/product_cat?post=924"},{"taxonomy":"product_tag","embeddable":true,"href":"https:\/\/aolait.com\/tr\/wp-json\/wp\/v2\/product_tag?post=924"}],"curies":[{"name":"wp","href":"https:\/\/api.w.org\/{rel}","templated":true}]}}