{"id":997,"date":"2020-11-04T10:33:06","date_gmt":"2020-11-04T02:33:06","guid":{"rendered":"https:\/\/aolait.com\/?post_type=product&#038;p=997"},"modified":"2025-10-21T19:04:00","modified_gmt":"2025-10-21T11:04:00","slug":"6x40w-led-moving-head-zoom","status":"publish","type":"product","link":"https:\/\/aolait.com\/tr\/urun\/6x40w-led-hareketli-kafa-zoom\/","title":{"rendered":"6x40W Led Hareketli Kafa Yak\u0131nla\u015ft\u0131rma"},"content":{"rendered":"<p>Gerilim AC100-240V 50\/60Hz<\/p>\n<p>G\u00fc\u00e7: 255W<\/p>\n<p>I\u015f\u0131k Kayna\u011f\u0131: 6PCS 40W y\u00fcksek parlakl\u0131kta RGBW 4'\u00fc 1 arada LED'ler<\/p>\n<p>Kullan\u0131m \u00d6mr\u00fc: 50000 Saat<\/p>\n<p>Yak\u0131nla\u015ft\u0131rma: 4\u00b0-36\u00b0<\/p>\n<p>Dimmer: 0-100% do\u011frusal karartma<\/p>\n<p>Hareket: Pan 540\u00b0, Tilt 190\u00b0, y\u00fcksek h\u0131zl\u0131 pan\/tilt hareketi, pan\/tilt hareketinin h\u0131z\u0131 ayarlanabilir<\/p>\n<p>Kontrol modu: Standart DMX 512\/master-salve\/sound\/auto<\/p>\n<p>DMX Kanal\u0131: 10\/17 Kanal<\/p>\n<p>Ekran: LCD ekran<\/p>\n<p>8 dahili program, ses modu DXM 512 taraf\u0131ndan kontrol edilebilir<\/p>\n<p>IP S\u0131n\u0131f\u0131: IP20<\/p>\n<p>Boyut: 440*360*320 mm<\/p>\n<p>Net a\u011f\u0131rl\u0131k: 8,5 kg<\/p>\n<p><iframe src=\"https:\/\/www.youtube.com\/embed\/P4yi8_tGACw\" width=\"560\" height=\"315\" frameborder=\"0\" allowfullscreen=\"allowfullscreen\"><\/iframe><\/p>\n\n\n<p><\/p>","protected":false},"excerpt":{"rendered":"<p>AL640WR, Ar\u0131 g\u00f6z\u00fc efektli \u015firket boyutunda bir Led Hareketli Ba\u015fl\u0131k.<\/p>\n<p>NW sadece 8,5 KG, zoom a\u00e7\u0131s\u0131 4\u00b0-36\u00b0 aras\u0131ndad\u0131r.<\/p>\n<p>Mini g\u00f6vde, b\u00fcy\u00fck i\u015flev, y\u00fcksek g\u00fc\u00e7l\u00fc LED'ler AL640WR her ikisini de donat\u0131r.<\/p>\n<p>&nbsp;<\/p>","protected":false},"featured_media":13395,"comment_status":"open","ping_status":"closed","template":"","meta":{"_acf_changed":true,"_seopress_robots_primary_cat":"none","_seopress_titles_title":"","_seopress_titles_desc":"","_seopress_robots_index":""},"product_brand":[],"product_cat":[28,403],"product_tag":[38,90,84,101],"class_list":{"0":"post-997","1":"product","2":"type-product","3":"status-publish","4":"has-post-thumbnail","6":"product_cat-led-wash-moving-head","7":"product_cat-product","8":"product_tag-led-wash-moving-head","9":"product_tag-led-wash-zoom","10":"product_tag-mini-led-moving-head","11":"product_tag-rgbw-moving-head","13":"first","14":"instock","15":"shipping-taxable","16":"product-type-simple"},"acf":[],"_links":{"self":[{"href":"https:\/\/aolait.com\/tr\/wp-json\/wp\/v2\/product\/997","targetHints":{"allow":["GET"]}}],"collection":[{"href":"https:\/\/aolait.com\/tr\/wp-json\/wp\/v2\/product"}],"about":[{"href":"https:\/\/aolait.com\/tr\/wp-json\/wp\/v2\/types\/product"}],"replies":[{"embeddable":true,"href":"https:\/\/aolait.com\/tr\/wp-json\/wp\/v2\/comments?post=997"}],"wp:featuredmedia":[{"embeddable":true,"href":"https:\/\/aolait.com\/tr\/wp-json\/wp\/v2\/media\/13395"}],"wp:attachment":[{"href":"https:\/\/aolait.com\/tr\/wp-json\/wp\/v2\/media?parent=997"}],"wp:term":[{"taxonomy":"product_brand","embeddable":true,"href":"https:\/\/aolait.com\/tr\/wp-json\/wp\/v2\/product_brand?post=997"},{"taxonomy":"product_cat","embeddable":true,"href":"https:\/\/aolait.com\/tr\/wp-json\/wp\/v2\/product_cat?post=997"},{"taxonomy":"product_tag","embeddable":true,"href":"https:\/\/aolait.com\/tr\/wp-json\/wp\/v2\/product_tag?post=997"}],"curies":[{"name":"wp","href":"https:\/\/api.w.org\/{rel}","templated":true}]}}